{"id":11151,"date":"2020-03-31T17:15:52","date_gmt":"2020-03-31T08:15:52","guid":{"rendered":"https:\/\/greensun.com.vn\/?page_id=11151"},"modified":"2022-02-23T14:58:12","modified_gmt":"2022-02-23T05:58:12","slug":"blog","status":"publish","type":"page","link":"https:\/\/greensun.com.vn\/vi\/blog\/","title":{"rendered":"Blog"},"content":{"rendered":"\t\t<div data-elementor-type=\"wp-page\" data-elementor-id=\"11151\" class=\"elementor elementor-11151\" data-elementor-post-type=\"page\">\n\t\t\t\t\t\t<section class=\"elementor-section elementor-top-section elementor-element elementor-element-5269c64 elementor-section-boxed elementor-section-height-default elementor-section-height-default\" data-id=\"5269c64\" data-element_type=\"section\">\n\t\t\t\t\t\t<div class=\"elementor-container elementor-column-gap-default\">\n\t\t\t\t\t<div class=\"elementor-column elementor-col-100 elementor-top-column elementor-element elementor-element-42ce88b\" data-id=\"42ce88b\" data-element_type=\"column\">\n\t\t\t<div class=\"elementor-widget-wrap elementor-element-populated\">\n\t\t\t\t\t\t<div class=\"elementor-element elementor-element-e73aebe elementor-grid-3 elementor-grid-tablet-2 elementor-grid-mobile-1 elementor-posts--thumbnail-top elementor-widget elementor-widget-posts\" data-id=\"e73aebe\" data-element_type=\"widget\" data-settings=\"{&quot;pagination_type&quot;:&quot;numbers&quot;,&quot;classic_columns&quot;:&quot;3&quot;,&quot;classic_columns_tablet&quot;:&quot;2&quot;,&quot;classic_columns_mobile&quot;:&quot;1&quot;,&quot;classic_row_gap&quot;:{&quot;unit&quot;:&quot;px&quot;,&quot;size&quot;:35,&quot;sizes&quot;:[]},&quot;classic_row_gap_tablet&quot;:{&quot;unit&quot;:&quot;px&quot;,&quot;size&quot;:&quot;&quot;,&quot;sizes&quot;:[]},&quot;classic_row_gap_mobile&quot;:{&quot;unit&quot;:&quot;px&quot;,&quot;size&quot;:&quot;&quot;,&quot;sizes&quot;:[]}}\" data-widget_type=\"posts.classic\">\n\t\t\t\t<div class=\"elementor-widget-container\">\n\t\t\t\t\t<div class=\"elementor-posts-container elementor-posts elementor-posts--skin-classic elementor-grid\">\n\t\t\t\t<article class=\"elementor-post elementor-grid-item post-14847 post type-post status-publish format-standard has-post-thumbnail hentry category-ky-thuat-bien-dich tag-dich-nhat-viet tag-dich-tieng-nhat\">\n\t\t\t\t<a class=\"elementor-post__thumbnail__link\" href=\"https:\/\/greensun.com.vn\/vi\/ky-thuat-bien-dich\/cach-dich-tieng-nhat-sang-tieng-viet-phu-luc-link-tong-hop\/\" tabindex=\"-1\" >\n\t\t\t<div class=\"elementor-post__thumbnail\"><img fetchpriority=\"high\" decoding=\"async\" width=\"300\" height=\"200\" src=\"https:\/\/greensun.com.vn\/wp-content\/uploads\/2020\/09\/PL.thum_-300x200.jpg\" class=\"attachment-medium size-medium wp-image-14849\" alt=\"\" srcset=\"https:\/\/greensun.com.vn\/wp-content\/uploads\/2020\/09\/PL.thum_-300x200.jpg 300w, https:\/\/greensun.com.vn\/wp-content\/uploads\/2020\/09\/PL.thum_-768x512.jpg 768w, https:\/\/greensun.com.vn\/wp-content\/uploads\/2020\/09\/PL.thum_.jpg 1024w\" sizes=\"(max-width: 300px) 85vw, 300px\" \/><\/div>\n\t\t<\/a>\n\t\t\t\t<div class=\"elementor-post__text\">\n\t\t\t\t<h3 class=\"elementor-post__title\">\n\t\t\t<a href=\"https:\/\/greensun.com.vn\/vi\/ky-thuat-bien-dich\/cach-dich-tieng-nhat-sang-tieng-viet-phu-luc-link-tong-hop\/\" >\n\t\t\t\tC\u00e1ch d\u1ecbch ti\u1ebfng Nh\u1eadt sang ti\u1ebfng Vi\u1ec7t &#8211; Ph\u1ee5 l\u1ee5c &#8211; Link t\u1ed5ng h\u1ee3p\t\t\t<\/a>\n\t\t<\/h3>\n\t\t\t\t<div class=\"elementor-post__meta-data\">\n\t\t\t\t\t<span class=\"elementor-post-date\">\n\t\t\t2020-09-28\t\t<\/span>\n\t\t\t\t<\/div>\n\t\t\t\t<div class=\"elementor-post__excerpt\">\n\t\t\t<p>Green Sun r\u1ea5t c\u1ea3m \u01a1n c\u00e1c b\u1ea1n \u0111\u00e3 c\u00f9ng \u0111\u1ed3ng h\u00e0nh trong series 45 b\u00e0i K\u1ef9 thu\u1eadt d\u1ecbch ti\u1ebfng Nh\u1eadt sang ti\u1ebfng Vi\u1ec7t. Hi v\u1ecdng nh\u1eefng b\u00e0i vi\u1ebft s\u1ebd \u0111em l\u1ea1i nh\u1eefng ki\u1ebfn th\u1ee9c b\u1ed5 \u00edch trong vi\u1ec7c d\u1ecbch thu\u1eadt. \u0110\u00e2y l\u00e0 ph\u1ea7n t\u1ed5ng h\u1ee3p ki\u1ebfn th\u1ee9c v\u00e0 kinh nghi\u1ec7m d\u1ef1a tr\u00ean th\u1ef1c t\u1ebf n\u00ean s\u1ebd c\u00f3 nh\u1eefng sai s\u00f3t v\u00e0 ch\u01b0a \u0111\u01b0\u1ee3c ho\u00e0n thi\u1ec7n. R\u1ea5t mong b\u1ea1n \u0111\u1ecdc s\u1ebd<\/p>\n\t\t<\/div>\n\t\t\n\t\t<a class=\"elementor-post__read-more\" href=\"https:\/\/greensun.com.vn\/vi\/ky-thuat-bien-dich\/cach-dich-tieng-nhat-sang-tieng-viet-phu-luc-link-tong-hop\/\" aria-label=\"Read more about C\u00e1ch d\u1ecbch ti\u1ebfng Nh\u1eadt sang ti\u1ebfng Vi\u1ec7t &#8211; Ph\u1ee5 l\u1ee5c &#8211; Link t\u1ed5ng h\u1ee3p\" tabindex=\"-1\" >\n\t\t\t\u0110\u1ecdc th\u00eam \u00bb\t\t<\/a>\n\n\t\t\t\t<\/div>\n\t\t\t\t<\/article>\n\t\t\t\t<article class=\"elementor-post elementor-grid-item post-14831 post type-post status-publish format-standard has-post-thumbnail hentry category-ky-thuat-bien-dich tag-dich-nhat-viet tag-dich-tieng-nhat\">\n\t\t\t\t<a class=\"elementor-post__thumbnail__link\" href=\"https:\/\/greensun.com.vn\/vi\/ky-thuat-bien-dich\/cach-dich-tieng-nhat-sang-tieng-viet-ky-45-luu-y-khi-nop-bai-phan-2\/\" tabindex=\"-1\" >\n\t\t\t<div class=\"elementor-post__thumbnail\"><img decoding=\"async\" width=\"300\" height=\"172\" src=\"https:\/\/greensun.com.vn\/wp-content\/uploads\/2020\/09\/45.thum_-300x172.png\" class=\"attachment-medium size-medium wp-image-14841\" alt=\"\" srcset=\"https:\/\/greensun.com.vn\/wp-content\/uploads\/2020\/09\/45.thum_-300x172.png 300w, https:\/\/greensun.com.vn\/wp-content\/uploads\/2020\/09\/45.thum_-768x441.png 768w, https:\/\/greensun.com.vn\/wp-content\/uploads\/2020\/09\/45.thum_-1024x588.png 1024w, https:\/\/greensun.com.vn\/wp-content\/uploads\/2020\/09\/45.thum_-1200x689.png 1200w, https:\/\/greensun.com.vn\/wp-content\/uploads\/2020\/09\/45.thum_.png 1480w\" sizes=\"(max-width: 300px) 85vw, 300px\" \/><\/div>\n\t\t<\/a>\n\t\t\t\t<div class=\"elementor-post__text\">\n\t\t\t\t<h3 class=\"elementor-post__title\">\n\t\t\t<a href=\"https:\/\/greensun.com.vn\/vi\/ky-thuat-bien-dich\/cach-dich-tieng-nhat-sang-tieng-viet-ky-45-luu-y-khi-nop-bai-phan-2\/\" >\n\t\t\t\tC\u00e1ch d\u1ecbch ti\u1ebfng Nh\u1eadt sang ti\u1ebfng Vi\u1ec7t \u2013 K\u1ef3 45 \u2013 L\u01b0u \u00fd khi n\u1ed9p b\u00e0i ph\u1ea7n 2\t\t\t<\/a>\n\t\t<\/h3>\n\t\t\t\t<div class=\"elementor-post__meta-data\">\n\t\t\t\t\t<span class=\"elementor-post-date\">\n\t\t\t2020-09-25\t\t<\/span>\n\t\t\t\t<\/div>\n\t\t\t\t<div class=\"elementor-post__excerpt\">\n\t\t\t<p>Khi d\u1ecbch ti\u1ebfng Nh\u1eadt sang ti\u1ebfng Vi\u1ec7t, ch\u00fang ta ph\u1ea3i lu\u00f4n \u0111\u1ea3m b\u1ea3o r\u1eb1ng t\u1eeb \u0111\u1ea7u \u0111\u1ebfn cu\u1ed1i m\u1ecdi th\u1ee9 \u0111\u1ec1u ph\u1ea3i \u0111\u00fang quy tr\u00ecnh v\u00e0 ho\u00e0n h\u1ea3o. Sau khi n\u1ed9p b\u00e0i d\u1ecbch, ch\u00fang ta ph\u1ea3i c\u00f3 tr\u00e1ch nhi\u1ec7m v\u1edbi b\u1ea3n d\u1ecbch c\u1ee7a m\u00ecnh v\u00e0 ti\u1ebfp thu nh\u1eefng ph\u1ea3n h\u1ed3i t\u1eeb kh\u00e1ch h\u00e0ng. &nbsp; &nbsp; Ti\u1ebfp theo nh\u1eefng l\u01b0u \u00fd khi n\u1ed9p b\u00e0i \u1edf k\u1ef3 tr\u01b0\u1edbc, trong b\u00e0i vi\u1ebft k\u1ef3<\/p>\n\t\t<\/div>\n\t\t\n\t\t<a class=\"elementor-post__read-more\" href=\"https:\/\/greensun.com.vn\/vi\/ky-thuat-bien-dich\/cach-dich-tieng-nhat-sang-tieng-viet-ky-45-luu-y-khi-nop-bai-phan-2\/\" aria-label=\"Read more about C\u00e1ch d\u1ecbch ti\u1ebfng Nh\u1eadt sang ti\u1ebfng Vi\u1ec7t \u2013 K\u1ef3 45 \u2013 L\u01b0u \u00fd khi n\u1ed9p b\u00e0i ph\u1ea7n 2\" tabindex=\"-1\" >\n\t\t\t\u0110\u1ecdc th\u00eam \u00bb\t\t<\/a>\n\n\t\t\t\t<\/div>\n\t\t\t\t<\/article>\n\t\t\t\t<article class=\"elementor-post elementor-grid-item post-14819 post type-post status-publish format-standard has-post-thumbnail hentry category-ky-thuat-bien-dich tag-dich-tieng-nhat tag-dich-nhat-viet\">\n\t\t\t\t<a class=\"elementor-post__thumbnail__link\" href=\"https:\/\/greensun.com.vn\/vi\/ky-thuat-bien-dich\/cach-dich-tieng-nhat-sang-tieng-viet-ky-44-luu-y-khi-nop-bai-phan-1\/\" tabindex=\"-1\" >\n\t\t\t<div class=\"elementor-post__thumbnail\"><img decoding=\"async\" width=\"300\" height=\"149\" src=\"https:\/\/greensun.com.vn\/wp-content\/uploads\/2020\/09\/44.thum_-300x149.jpg\" class=\"attachment-medium size-medium wp-image-14826\" alt=\"d\u1ecbch ti\u1ebfng Nh\u1eadt sang ti\u1ebfng Vi\u1ec7t\" srcset=\"https:\/\/greensun.com.vn\/wp-content\/uploads\/2020\/09\/44.thum_-300x149.jpg 300w, https:\/\/greensun.com.vn\/wp-content\/uploads\/2020\/09\/44.thum_-768x381.jpg 768w, https:\/\/greensun.com.vn\/wp-content\/uploads\/2020\/09\/44.thum_.jpg 994w\" sizes=\"(max-width: 300px) 85vw, 300px\" \/><\/div>\n\t\t<\/a>\n\t\t\t\t<div class=\"elementor-post__text\">\n\t\t\t\t<h3 class=\"elementor-post__title\">\n\t\t\t<a href=\"https:\/\/greensun.com.vn\/vi\/ky-thuat-bien-dich\/cach-dich-tieng-nhat-sang-tieng-viet-ky-44-luu-y-khi-nop-bai-phan-1\/\" >\n\t\t\t\tC\u00e1ch d\u1ecbch ti\u1ebfng Nh\u1eadt sang ti\u1ebfng Vi\u1ec7t \u2013 K\u1ef3 44 \u2013 L\u01b0u \u00fd khi n\u1ed9p b\u00e0i ph\u1ea7n 1\t\t\t<\/a>\n\t\t<\/h3>\n\t\t\t\t<div class=\"elementor-post__meta-data\">\n\t\t\t\t\t<span class=\"elementor-post-date\">\n\t\t\t2020-09-22\t\t<\/span>\n\t\t\t\t<\/div>\n\t\t\t\t<div class=\"elementor-post__excerpt\">\n\t\t\t<p>Khi d\u1ecbch ti\u1ebfng Nh\u1eadt sang ti\u1ebfng Vi\u1ec7t, khi c\u00e1c b\u01b0\u1edbc d\u1ecbch\/ check \u0111\u00e3 ho\u00e0n th\u00e0nh th\u00ec vi\u1ec7c ti\u1ebfp theo \u0111\u00f3 ch\u00ednh l\u00e0 n\u1ed9p b\u00e0i hay xu\u1ea5t b\u1ea3n. Vi\u1ec7c n\u1ed9p b\u00e0i hay xu\u1ea5t b\u1ea3n ch\u00ednh l\u00e0 vi\u1ec7c c\u00f4ng b\u1ed1 b\u1ea3n d\u1ecbch c\u1ee7a ch\u00fang ta, c\u00f3 th\u1ec3 n\u00f3i b\u1ea3n d\u1ecbch l\u00e0 m\u1ed9t b\u1ed9 m\u1eb7t c\u1ee7a d\u1ecbch gi\u1ea3. &nbsp; &nbsp; Ch\u00fang ta h\u00e3y suy ngh\u0129 r\u1eb1ng vi\u1ec7c n\u1ed9p b\u00e0i c\u0169ng gi\u1ed1ng nh\u01b0 khi<\/p>\n\t\t<\/div>\n\t\t\n\t\t<a class=\"elementor-post__read-more\" href=\"https:\/\/greensun.com.vn\/vi\/ky-thuat-bien-dich\/cach-dich-tieng-nhat-sang-tieng-viet-ky-44-luu-y-khi-nop-bai-phan-1\/\" aria-label=\"Read more about C\u00e1ch d\u1ecbch ti\u1ebfng Nh\u1eadt sang ti\u1ebfng Vi\u1ec7t \u2013 K\u1ef3 44 \u2013 L\u01b0u \u00fd khi n\u1ed9p b\u00e0i ph\u1ea7n 1\" tabindex=\"-1\" >\n\t\t\t\u0110\u1ecdc th\u00eam \u00bb\t\t<\/a>\n\n\t\t\t\t<\/div>\n\t\t\t\t<\/article>\n\t\t\t\t<article class=\"elementor-post elementor-grid-item post-14806 post type-post status-publish format-standard has-post-thumbnail hentry category-ky-thuat-bien-dich tag-dich-tieng-nhat tag-dich-nhat-viet\">\n\t\t\t\t<a class=\"elementor-post__thumbnail__link\" href=\"https:\/\/greensun.com.vn\/vi\/ky-thuat-bien-dich\/cach-dich-tieng-nhat-sang-tieng-viet-ky-43-nang-cao-ky-nang-ban-than-phan-23\/\" tabindex=\"-1\" >\n\t\t\t<div class=\"elementor-post__thumbnail\"><img loading=\"lazy\" decoding=\"async\" width=\"300\" height=\"157\" src=\"https:\/\/greensun.com.vn\/wp-content\/uploads\/2020\/09\/43.thum_-300x157.jpg\" class=\"attachment-medium size-medium wp-image-14813\" alt=\"\" srcset=\"https:\/\/greensun.com.vn\/wp-content\/uploads\/2020\/09\/43.thum_-300x157.jpg 300w, https:\/\/greensun.com.vn\/wp-content\/uploads\/2020\/09\/43.thum_-768x401.jpg 768w, https:\/\/greensun.com.vn\/wp-content\/uploads\/2020\/09\/43.thum_-1024x535.jpg 1024w, https:\/\/greensun.com.vn\/wp-content\/uploads\/2020\/09\/43.thum_.jpg 1200w\" sizes=\"(max-width: 300px) 85vw, 300px\" \/><\/div>\n\t\t<\/a>\n\t\t\t\t<div class=\"elementor-post__text\">\n\t\t\t\t<h3 class=\"elementor-post__title\">\n\t\t\t<a href=\"https:\/\/greensun.com.vn\/vi\/ky-thuat-bien-dich\/cach-dich-tieng-nhat-sang-tieng-viet-ky-43-nang-cao-ky-nang-ban-than-phan-23\/\" >\n\t\t\t\tC\u00e1ch d\u1ecbch ti\u1ebfng Nh\u1eadt sang ti\u1ebfng Vi\u1ec7t \u2013 K\u1ef3 43 \u2013N\u00e2ng cao k\u1ef9 n\u0103ng b\u1ea3n th\u00e2n ph\u1ea7n 23\t\t\t<\/a>\n\t\t<\/h3>\n\t\t\t\t<div class=\"elementor-post__meta-data\">\n\t\t\t\t\t<span class=\"elementor-post-date\">\n\t\t\t2020-09-16\t\t<\/span>\n\t\t\t\t<\/div>\n\t\t\t\t<div class=\"elementor-post__excerpt\">\n\t\t\t<p>Khi d\u1ecbch ti\u1ebfng Nh\u1eadt sang ti\u1ebfng Vi\u1ec7t th\u00ec ch\u1ea5t l\u01b0\u1ee3ng ph\u1ea3i \u0111\u01b0\u1ee3c \u0111\u01b0a l\u00ean h\u00e0ng \u0111\u1ea7u b\u1edfi b\u1ea3n d\u1ecbch ch\u1ee9a \u0111\u1ef1ng nh\u1eefng ki\u1ebfn th\u1ee9c m\u00e0 t\u00e1c gi\u1ea3 mu\u1ed1n truy\u1ec1n \u0111\u1ea1t \u0111\u1ebfn \u0111\u1ed9c gi\u1ea3. Tuy nhi\u00ean, vi\u1ec7c n\u00e0y \u0111\u00f2i h\u1ecfi ng\u01b0\u1eddi v\u00e0 ng\u01b0\u1eddi check khi d\u1ecbch v\u0103n b\u1ea3n ph\u1ea3i ki\u1ec3m tra k\u1ef9 c\u00e0ng \u0111\u1ec3 tr\u00e1nh nh\u1eefng l\u1ed7i sai nh\u1ecf kh\u00f4ng \u0111\u00e1ng c\u00f3. \u0110\u1ec3 \u0111\u1ea3m b\u1ea3o \u0111i\u1ec1u n\u00e0y, ch\u00fang ta c\u00f3 th\u1ec3<\/p>\n\t\t<\/div>\n\t\t\n\t\t<a class=\"elementor-post__read-more\" href=\"https:\/\/greensun.com.vn\/vi\/ky-thuat-bien-dich\/cach-dich-tieng-nhat-sang-tieng-viet-ky-43-nang-cao-ky-nang-ban-than-phan-23\/\" aria-label=\"Read more about C\u00e1ch d\u1ecbch ti\u1ebfng Nh\u1eadt sang ti\u1ebfng Vi\u1ec7t \u2013 K\u1ef3 43 \u2013N\u00e2ng cao k\u1ef9 n\u0103ng b\u1ea3n th\u00e2n ph\u1ea7n 23\" tabindex=\"-1\" >\n\t\t\t\u0110\u1ecdc th\u00eam \u00bb\t\t<\/a>\n\n\t\t\t\t<\/div>\n\t\t\t\t<\/article>\n\t\t\t\t<article class=\"elementor-post elementor-grid-item post-14786 post type-post status-publish format-standard has-post-thumbnail hentry category-ky-thuat-bien-dich tag-dich-tieng-nhat tag-dich-nhat-viet\">\n\t\t\t\t<a class=\"elementor-post__thumbnail__link\" href=\"https:\/\/greensun.com.vn\/vi\/ky-thuat-bien-dich\/cach-dich-tieng-nhat-sang-tieng-viet-ky-42-nang-cao-ky-nang-ban-than-phan-4\/\" tabindex=\"-1\" >\n\t\t\t<div class=\"elementor-post__thumbnail\"><img loading=\"lazy\" decoding=\"async\" width=\"300\" height=\"200\" src=\"https:\/\/greensun.com.vn\/wp-content\/uploads\/2020\/09\/42.thum_-300x200.jpg\" class=\"attachment-medium size-medium wp-image-14788\" alt=\"\" srcset=\"https:\/\/greensun.com.vn\/wp-content\/uploads\/2020\/09\/42.thum_-300x200.jpg 300w, https:\/\/greensun.com.vn\/wp-content\/uploads\/2020\/09\/42.thum_-768x512.jpg 768w, https:\/\/greensun.com.vn\/wp-content\/uploads\/2020\/09\/42.thum_.jpg 900w\" sizes=\"(max-width: 300px) 85vw, 300px\" \/><\/div>\n\t\t<\/a>\n\t\t\t\t<div class=\"elementor-post__text\">\n\t\t\t\t<h3 class=\"elementor-post__title\">\n\t\t\t<a href=\"https:\/\/greensun.com.vn\/vi\/ky-thuat-bien-dich\/cach-dich-tieng-nhat-sang-tieng-viet-ky-42-nang-cao-ky-nang-ban-than-phan-4\/\" >\n\t\t\t\tC\u00e1ch d\u1ecbch ti\u1ebfng Nh\u1eadt sang ti\u1ebfng Vi\u1ec7t \u2013 K\u1ef3 42 \u2013 N\u00e2ng cao k\u1ef9 n\u0103ng b\u1ea3n th\u00e2n ph\u1ea7n 4\t\t\t<\/a>\n\t\t<\/h3>\n\t\t\t\t<div class=\"elementor-post__meta-data\">\n\t\t\t\t\t<span class=\"elementor-post-date\">\n\t\t\t2020-09-11\t\t<\/span>\n\t\t\t\t<\/div>\n\t\t\t\t<div class=\"elementor-post__excerpt\">\n\t\t\t<p>Khi d\u1ecbch ti\u1ebfng Nh\u1eadt sang ti\u1ebfng Vi\u1ec7t, ch\u00fang ta c\u1ea7n c\u00f3 s\u1ef1 linh ho\u1ea1t trong t\u1eeb ng\u1eef \u0111\u1ec3 di\u1ec5n \u0111\u1ea1t m\u1ed9t c\u00e1ch ch\u00ednh x\u00e1c nh\u1eefng g\u00ec v\u0103n b\u1ea3n g\u1ed1c \u0111ang \u0111\u1ec1 c\u1eadp \u0111\u1ebfn. \u201cKh\u00f4ng \u0111\u1ee7 v\u1ed1n t\u1eeb\u201d hay \u201cs\u1ef1 ngh\u00e8o n\u00e0n ti\u1ebfng Vi\u1ec7t\u201d l\u00e0 m\u1ed9t trong nh\u1eefng v\u1ea5n \u0111\u1ec1 \u0111au \u0111\u1ea7u \u0111\u1ed1i v\u1edbi ng\u01b0\u1eddi m\u1edbi b\u1eaft \u0111\u1ea7u ngh\u1ec1 d\u1ecbch, th\u1eadm ch\u00ed l\u00e0 v\u1edbi ng\u01b0\u1eddi d\u1ecbch l\u00e2u n\u0103m. &nbsp; &nbsp; \u0110\u1ed1i<\/p>\n\t\t<\/div>\n\t\t\n\t\t<a class=\"elementor-post__read-more\" href=\"https:\/\/greensun.com.vn\/vi\/ky-thuat-bien-dich\/cach-dich-tieng-nhat-sang-tieng-viet-ky-42-nang-cao-ky-nang-ban-than-phan-4\/\" aria-label=\"Read more about C\u00e1ch d\u1ecbch ti\u1ebfng Nh\u1eadt sang ti\u1ebfng Vi\u1ec7t \u2013 K\u1ef3 42 \u2013 N\u00e2ng cao k\u1ef9 n\u0103ng b\u1ea3n th\u00e2n ph\u1ea7n 4\" tabindex=\"-1\" >\n\t\t\t\u0110\u1ecdc th\u00eam \u00bb\t\t<\/a>\n\n\t\t\t\t<\/div>\n\t\t\t\t<\/article>\n\t\t\t\t<article class=\"elementor-post elementor-grid-item post-14773 post type-post status-publish format-standard has-post-thumbnail hentry category-ky-thuat-bien-dich tag-dich-tieng-nhat tag-dich-nhat-viet\">\n\t\t\t\t<a class=\"elementor-post__thumbnail__link\" href=\"https:\/\/greensun.com.vn\/vi\/ky-thuat-bien-dich\/cach-dich-tieng-nhat-sang-tieng-viet-ky-41-nang-cao-ky-nang-ban-than-phan-3\/\" tabindex=\"-1\" >\n\t\t\t<div class=\"elementor-post__thumbnail\"><img loading=\"lazy\" decoding=\"async\" width=\"300\" height=\"200\" src=\"https:\/\/greensun.com.vn\/wp-content\/uploads\/2020\/09\/41.thum_-300x200.jpg\" class=\"attachment-medium size-medium wp-image-14781\" alt=\"\" srcset=\"https:\/\/greensun.com.vn\/wp-content\/uploads\/2020\/09\/41.thum_-300x200.jpg 300w, https:\/\/greensun.com.vn\/wp-content\/uploads\/2020\/09\/41.thum_-768x512.jpg 768w, https:\/\/greensun.com.vn\/wp-content\/uploads\/2020\/09\/41.thum_.jpg 1000w\" sizes=\"(max-width: 300px) 85vw, 300px\" \/><\/div>\n\t\t<\/a>\n\t\t\t\t<div class=\"elementor-post__text\">\n\t\t\t\t<h3 class=\"elementor-post__title\">\n\t\t\t<a href=\"https:\/\/greensun.com.vn\/vi\/ky-thuat-bien-dich\/cach-dich-tieng-nhat-sang-tieng-viet-ky-41-nang-cao-ky-nang-ban-than-phan-3\/\" >\n\t\t\t\tC\u00e1ch d\u1ecbch ti\u1ebfng Nh\u1eadt sang ti\u1ebfng Vi\u1ec7t \u2013 K\u1ef3 41 \u2013 N\u00e2ng cao k\u1ef9 n\u0103ng b\u1ea3n th\u00e2n ph\u1ea7n 3\t\t\t<\/a>\n\t\t<\/h3>\n\t\t\t\t<div class=\"elementor-post__meta-data\">\n\t\t\t\t\t<span class=\"elementor-post-date\">\n\t\t\t2020-09-09\t\t<\/span>\n\t\t\t\t<\/div>\n\t\t\t\t<div class=\"elementor-post__excerpt\">\n\t\t\t<p>\u0110\u1ec3 \u0111\u1ea3m b\u1ea3o b\u1ea3n d\u1ecbch chuy\u00ean ng\u00e0nh y t\u1ebf \u0111\u01b0\u1ee3c ch\u00ednh x\u00e1c khi d\u1ecbch ti\u1ebfng Nh\u1eadt sang ti\u1ebfng Vi\u1ec7t, ng\u01b0\u1eddi check c\u1ea7n ph\u1ea3i tham kh\u1ea3o nhi\u1ec1u ngu\u1ed3n t\u00e0i li\u1ec7u, M\u1ed9t \u0111i\u1ec1u ch\u00fang ta c\u1ea7n l\u01b0u \u00fd k\u1ef9 r\u1eb1ng nh\u1eefng t\u00e0i li\u1ec7u y t\u1ebf n\u00e0y \u1ea3nh h\u01b0\u1edfng tr\u1ef1c ti\u1ebfp \u0111\u1ebfn ng\u01b0\u1eddi \u0111\u1ecdc, n\u00ean m\u1ecdi th\u00f4ng tin c\u1ea7n \u0111\u01b0\u1ee3c tuy\u1ec7t \u0111\u1ed1i ch\u00ednh x\u00e1c. &nbsp; &nbsp; D\u1ecbch ti\u1ebfng Nh\u1eadt sang ti\u1ebfng Vi\u1ec7t chuy\u00ean<\/p>\n\t\t<\/div>\n\t\t\n\t\t<a class=\"elementor-post__read-more\" href=\"https:\/\/greensun.com.vn\/vi\/ky-thuat-bien-dich\/cach-dich-tieng-nhat-sang-tieng-viet-ky-41-nang-cao-ky-nang-ban-than-phan-3\/\" aria-label=\"Read more about C\u00e1ch d\u1ecbch ti\u1ebfng Nh\u1eadt sang ti\u1ebfng Vi\u1ec7t \u2013 K\u1ef3 41 \u2013 N\u00e2ng cao k\u1ef9 n\u0103ng b\u1ea3n th\u00e2n ph\u1ea7n 3\" tabindex=\"-1\" >\n\t\t\t\u0110\u1ecdc th\u00eam \u00bb\t\t<\/a>\n\n\t\t\t\t<\/div>\n\t\t\t\t<\/article>\n\t\t\t\t<\/div>\n\t\t\n\t\t\t\t<div class=\"e-load-more-anchor\" data-page=\"1\" data-max-page=\"8\" data-next-page=\"https:\/\/greensun.com.vn\/vi\/wp-json\/wp\/v2\/pages\/11151\/page\/2\/\"><\/div>\n\t\t\t\t<nav class=\"elementor-pagination\" aria-label=\"Pagination\">\n\t\t\t<span aria-current=\"page\" class=\"page-numbers current\"><span class=\"elementor-screen-only\">Page<\/span>1<\/span>\n<a class=\"page-numbers\" href=\"https:\/\/greensun.com.vn\/vi\/wp-json\/wp\/v2\/pages\/11151\/page\/2\/\"><span class=\"elementor-screen-only\">Page<\/span>2<\/a>\n<a class=\"page-numbers\" href=\"https:\/\/greensun.com.vn\/vi\/wp-json\/wp\/v2\/pages\/11151\/page\/3\/\"><span class=\"elementor-screen-only\">Page<\/span>3<\/a>\n<a class=\"page-numbers\" href=\"https:\/\/greensun.com.vn\/vi\/wp-json\/wp\/v2\/pages\/11151\/page\/4\/\"><span class=\"elementor-screen-only\">Page<\/span>4<\/a>\n<a class=\"page-numbers\" href=\"https:\/\/greensun.com.vn\/vi\/wp-json\/wp\/v2\/pages\/11151\/page\/5\/\"><span class=\"elementor-screen-only\">Page<\/span>5<\/a>\t\t<\/nav>\n\t\t\t\t<\/div>\n\t\t\t\t<\/div>\n\t\t\t\t\t<\/div>\n\t\t<\/div>\n\t\t\t\t\t<\/div>\n\t\t<\/section>\n\t\t\t\t<section class=\"elementor-section elementor-top-section elementor-element elementor-element-2db9999 elementor-section-boxed elementor-section-height-default elementor-section-height-default\" data-id=\"2db9999\" data-element_type=\"section\">\n\t\t\t\t\t\t<div class=\"elementor-container elementor-column-gap-default\">\n\t\t\t\t\t<div class=\"elementor-column elementor-col-100 elementor-top-column elementor-element elementor-element-55024cd\" data-id=\"55024cd\" data-element_type=\"column\">\n\t\t\t<div class=\"elementor-widget-wrap elementor-element-populated\">\n\t\t\t\t\t\t<div class=\"elementor-element elementor-element-5938464 elementor-widget elementor-widget-spacer\" data-id=\"5938464\" data-element_type=\"widget\" data-widget_type=\"spacer.default\">\n\t\t\t\t<div class=\"elementor-widget-container\">\n\t\t\t\t\t<div class=\"elementor-spacer\">\n\t\t\t<div class=\"elementor-spacer-inner\"><\/div>\n\t\t<\/div>\n\t\t\t\t<\/div>\n\t\t\t\t<\/div>\n\t\t\t\t\t<\/div>\n\t\t<\/div>\n\t\t\t\t\t<\/div>\n\t\t<\/section>\n\t\t\t\t<\/div>\n\t\t","protected":false},"excerpt":{"rendered":"","protected":false},"author":2,"featured_media":0,"parent":0,"menu_order":0,"comment_status":"closed","ping_status":"closed","template":"","meta":{"_sitemap_exclude":false,"_sitemap_priority":"","_sitemap_frequency":"","footnotes":""},"class_list":["post-11151","page","type-page","status-publish","hentry"],"aioseo_notices":[],"_links":{"self":[{"href":"https:\/\/greensun.com.vn\/vi\/wp-json\/wp\/v2\/pages\/11151"}],"collection":[{"href":"https:\/\/greensun.com.vn\/vi\/wp-json\/wp\/v2\/pages"}],"about":[{"href":"https:\/\/greensun.com.vn\/vi\/wp-json\/wp\/v2\/types\/page"}],"author":[{"embeddable":true,"href":"https:\/\/greensun.com.vn\/vi\/wp-json\/wp\/v2\/users\/2"}],"replies":[{"embeddable":true,"href":"https:\/\/greensun.com.vn\/vi\/wp-json\/wp\/v2\/comments?post=11151"}],"version-history":[{"count":0,"href":"https:\/\/greensun.com.vn\/vi\/wp-json\/wp\/v2\/pages\/11151\/revisions"}],"wp:attachment":[{"href":"https:\/\/greensun.com.vn\/vi\/wp-json\/wp\/v2\/media?parent=11151"}],"curies":[{"name":"wp","href":"https:\/\/api.w.org\/{rel}","templated":true}]}}