{"id":14283,"date":"2020-09-01T16:26:42","date_gmt":"2020-09-01T07:26:42","guid":{"rendered":"https:\/\/greensun.com.vn\/?page_id=14283"},"modified":"2024-12-09T12:18:08","modified_gmt":"2024-12-09T03:18:08","slug":"nhan-vien-la-khach-hang","status":"publish","type":"page","link":"https:\/\/greensun.com.vn\/vi\/nhan-vien-la-khach-hang\/","title":{"rendered":"Nh\u00e2n vi\u00ean l\u00e0 kh\u00e1ch h\u00e0ng"},"content":{"rendered":"\t\t<div data-elementor-type=\"wp-page\" data-elementor-id=\"14283\" class=\"elementor elementor-14283\" data-elementor-post-type=\"page\">\n\t\t\t\t\t\t<section class=\"elementor-section elementor-top-section elementor-element elementor-element-2ad85fcd elementor-section-boxed elementor-section-height-default elementor-section-height-default\" data-id=\"2ad85fcd\" data-element_type=\"section\">\n\t\t\t\t\t\t<div class=\"elementor-container elementor-column-gap-default\">\n\t\t\t\t\t<div class=\"elementor-column elementor-col-100 elementor-top-column elementor-element elementor-element-60c1c6ee\" data-id=\"60c1c6ee\" data-element_type=\"column\">\n\t\t\t<div class=\"elementor-widget-wrap elementor-element-populated\">\n\t\t\t\t\t\t\t<\/div>\n\t\t<\/div>\n\t\t\t\t\t<\/div>\n\t\t<\/section>\n\t\t\t\t<section class=\"elementor-section elementor-top-section elementor-element elementor-element-918208a elementor-section-boxed elementor-section-height-default elementor-section-height-default\" data-id=\"918208a\" data-element_type=\"section\">\n\t\t\t\t\t\t<div class=\"elementor-container elementor-column-gap-default\">\n\t\t\t\t\t<div class=\"elementor-column elementor-col-100 elementor-top-column elementor-element elementor-element-449e3c0\" data-id=\"449e3c0\" data-element_type=\"column\">\n\t\t\t<div class=\"elementor-widget-wrap elementor-element-populated\">\n\t\t\t\t\t\t<div class=\"elementor-element elementor-element-78deb55 elementor-grid-3 elementor-grid-tablet-2 elementor-grid-mobile-1 elementor-posts--thumbnail-top elementor-card-shadow-yes elementor-posts__hover-gradient elementor-widget elementor-widget-posts\" data-id=\"78deb55\" data-element_type=\"widget\" data-settings=\"{&quot;pagination_type&quot;:&quot;numbers_and_prev_next&quot;,&quot;cards_columns&quot;:&quot;3&quot;,&quot;cards_columns_tablet&quot;:&quot;2&quot;,&quot;cards_columns_mobile&quot;:&quot;1&quot;,&quot;cards_row_gap&quot;:{&quot;unit&quot;:&quot;px&quot;,&quot;size&quot;:35,&quot;sizes&quot;:[]},&quot;cards_row_gap_tablet&quot;:{&quot;unit&quot;:&quot;px&quot;,&quot;size&quot;:&quot;&quot;,&quot;sizes&quot;:[]},&quot;cards_row_gap_mobile&quot;:{&quot;unit&quot;:&quot;px&quot;,&quot;size&quot;:&quot;&quot;,&quot;sizes&quot;:[]}}\" data-widget_type=\"posts.cards\">\n\t\t\t\t<div class=\"elementor-widget-container\">\n\t\t\t\t\t<div class=\"elementor-posts-container elementor-posts elementor-posts--skin-cards elementor-grid\">\n\t\t\t\t<article class=\"elementor-post elementor-grid-item post-38686 post type-post status-publish format-standard has-post-thumbnail hentry category-nhan-vien-la-khach-hang\">\n\t\t\t<div class=\"elementor-post__card\">\n\t\t\t\t<a class=\"elementor-post__thumbnail__link\" href=\"https:\/\/greensun.com.vn\/vi\/nhan-vien-la-khach-hang\/gsv-tuyen-duong-nhan-vien-xuat-sac-thang-10-2024\/\" tabindex=\"-1\" ><div class=\"elementor-post__thumbnail\"><img fetchpriority=\"high\" decoding=\"async\" width=\"300\" height=\"240\" src=\"https:\/\/greensun.com.vn\/wp-content\/uploads\/2024\/12\/10_cksh-1-300x240.png\" class=\"attachment-medium size-medium wp-image-38692\" alt=\"\" srcset=\"https:\/\/greensun.com.vn\/wp-content\/uploads\/2024\/12\/10_cksh-1-300x240.png 300w, https:\/\/greensun.com.vn\/wp-content\/uploads\/2024\/12\/10_cksh-1.png 624w\" sizes=\"(max-width: 300px) 85vw, 300px\" \/><\/div><\/a>\n\t\t\t\t<div class=\"elementor-post__text\">\n\t\t\t\t<h3 class=\"elementor-post__title\">\n\t\t\t<a href=\"https:\/\/greensun.com.vn\/vi\/nhan-vien-la-khach-hang\/gsv-tuyen-duong-nhan-vien-xuat-sac-thang-10-2024\/\" >\n\t\t\t\t[GSV] Tuy\u00ean d\u01b0\u01a1ng nh\u00e2n vi\u00ean xu\u1ea5t s\u1eafc  &#8211; Th\u00e1ng 10\/2024\t\t\t<\/a>\n\t\t<\/h3>\n\t\t\t\t<div class=\"elementor-post__excerpt\">\n\t\t\t<p>Green Sun t\u1ef1 h\u00e0o ghi nh\u1eadn v\u00e0 ch\u00fac m\u1eebng nh\u1eefng th\u00e0nh vi\u00ean \u0111\u00e3 \u0111\u1ea1t th\u00e0nh t\u00edch v\u01b0\u1ee3t tr\u1ed9i, g\u00f3p ph\u1ea7n n\u00e2ng cao gi\u00e1 tr\u1ecb d\u1ecbch v\u1ee5 v\u00e0 uy t\u00edn c\u1ee7a c\u00f4ng ty. \ud83c\udf96Danh hi\u1ec7u d\u00e0nh cho c\u00e1c c\u00e1c b\u1ea1n PH\u00d2NG CSKH \ud83d\udca1 Th\u00e0nh c\u00f4ng n\u00e0y kh\u00f4ng ch\u1ec9 l\u00e0 k\u1ebft qu\u1ea3 c\u1ee7a s\u1ef1 c\u1ed1 g\u1eafng kh\u00f4ng ng\u1eebng m\u00e0 c\u00f2n th\u1ec3 hi\u1ec7n s\u1ef1 t\u1eadn t\u00e2m v\u00e0 chuy\u00ean nghi\u1ec7p trong t\u1eebng nhi\u1ec7m v\u1ee5.<\/p>\n\t\t<\/div>\n\t\t\n\t\t<a class=\"elementor-post__read-more\" href=\"https:\/\/greensun.com.vn\/vi\/nhan-vien-la-khach-hang\/gsv-tuyen-duong-nhan-vien-xuat-sac-thang-10-2024\/\" aria-label=\"Read more about [GSV] Tuy\u00ean d\u01b0\u01a1ng nh\u00e2n vi\u00ean xu\u1ea5t s\u1eafc  &#8211; Th\u00e1ng 10\/2024\" tabindex=\"-1\" >\n\t\t\tXem th\u00eam \u00bb\t\t<\/a>\n\n\t\t\t\t<\/div>\n\t\t\t\t<div class=\"elementor-post__meta-data\">\n\t\t\t\t\t<span class=\"elementor-post-date\">\n\t\t\t2024-12-09\t\t<\/span>\n\t\t\t\t<\/div>\n\t\t\t\t\t<\/div>\n\t\t<\/article>\n\t\t\t\t<article class=\"elementor-post elementor-grid-item post-34088 post type-post status-publish format-standard has-post-thumbnail hentry category-nhan-vien-la-khach-hang\">\n\t\t\t<div class=\"elementor-post__card\">\n\t\t\t\t<a class=\"elementor-post__thumbnail__link\" href=\"https:\/\/greensun.com.vn\/vi\/nhan-vien-la-khach-hang\/du-lich-cong-ty-2024-nha-trang\/\" tabindex=\"-1\" ><div class=\"elementor-post__thumbnail\"><img decoding=\"async\" width=\"300\" height=\"225\" src=\"https:\/\/greensun.com.vn\/wp-content\/uploads\/2024\/08\/1-300x225.jpg\" class=\"attachment-medium size-medium wp-image-34094\" alt=\"\" srcset=\"https:\/\/greensun.com.vn\/wp-content\/uploads\/2024\/08\/1-300x225.jpg 300w, https:\/\/greensun.com.vn\/wp-content\/uploads\/2024\/08\/1-1024x768.jpg 1024w, https:\/\/greensun.com.vn\/wp-content\/uploads\/2024\/08\/1-768x576.jpg 768w, https:\/\/greensun.com.vn\/wp-content\/uploads\/2024\/08\/1-1536x1152.jpg 1536w, https:\/\/greensun.com.vn\/wp-content\/uploads\/2024\/08\/1-2048x1536.jpg 2048w, https:\/\/greensun.com.vn\/wp-content\/uploads\/2024\/08\/1-1200x900.jpg 1200w\" sizes=\"(max-width: 300px) 85vw, 300px\" \/><\/div><\/a>\n\t\t\t\t<div class=\"elementor-post__text\">\n\t\t\t\t<h3 class=\"elementor-post__title\">\n\t\t\t<a href=\"https:\/\/greensun.com.vn\/vi\/nhan-vien-la-khach-hang\/du-lich-cong-ty-2024-nha-trang\/\" >\n\t\t\t\tDU L\u1ecaCH C\u00d4NG TY 2024 &#8211; NHA TRANG\t\t\t<\/a>\n\t\t<\/h3>\n\t\t\t\t<div class=\"elementor-post__excerpt\">\n\t\t\t<p>N\u0103m 2024, \u0111\u1ea1i gia \u0111\u00ecnh Green Sun \u0111\u00e3 c\u00f3 m\u1ed9t chuy\u1ebfn du l\u1ecbch c\u1ef1c k\u1ef3 s\u00f4i \u0111\u1ed9ng t\u1ea1i Nha Trang. Ngay khi \u0111\u1eb7t ch\u00e2n \u0111\u1ebfn \u0111\u00e2y, ch\u00fang t\u00f4i \u0111\u00e3 b\u1ecb cu\u1ed1n h\u00fat b\u1edfi v\u1ebb \u0111\u1eb9p m\u00ea h\u1ed3n c\u1ee7a bi\u1ec3n xanh, c\u00e1t tr\u1eafng. Chuy\u1ebfn \u0111i b\u1eaft \u0111\u1ea7u v\u1edbi h\u00e0nh tr\u00ecnh kh\u00e1m ph\u00e1 Th\u00e1p Po Klong Garai, n\u01a1i ch\u00fang t\u00f4i t\u00ecm hi\u1ec3u v\u0103n h\u00f3a Ch\u0103m \u0111\u1ed9c \u0111\u00e1o. Ti\u1ebfp \u0111\u00f3, t\u1ea1i Con S\u1ebb<\/p>\n\t\t<\/div>\n\t\t\n\t\t<a class=\"elementor-post__read-more\" href=\"https:\/\/greensun.com.vn\/vi\/nhan-vien-la-khach-hang\/du-lich-cong-ty-2024-nha-trang\/\" aria-label=\"Read more about DU L\u1ecaCH C\u00d4NG TY 2024 &#8211; NHA TRANG\" tabindex=\"-1\" >\n\t\t\tXem th\u00eam \u00bb\t\t<\/a>\n\n\t\t\t\t<\/div>\n\t\t\t\t<div class=\"elementor-post__meta-data\">\n\t\t\t\t\t<span class=\"elementor-post-date\">\n\t\t\t2024-08-27\t\t<\/span>\n\t\t\t\t<\/div>\n\t\t\t\t\t<\/div>\n\t\t<\/article>\n\t\t\t\t<article class=\"elementor-post elementor-grid-item post-17618 post type-post status-publish format-standard has-post-thumbnail hentry category-nhan-vien-la-khach-hang\">\n\t\t\t<div class=\"elementor-post__card\">\n\t\t\t\t<a class=\"elementor-post__thumbnail__link\" href=\"https:\/\/greensun.com.vn\/vi\/nhan-vien-la-khach-hang\/end-year-party-2020-welcome-2021\/\" tabindex=\"-1\" ><div class=\"elementor-post__thumbnail\"><img decoding=\"async\" width=\"300\" height=\"225\" src=\"https:\/\/greensun.com.vn\/wp-content\/uploads\/2021\/04\/YEP02-300x225.jpg\" class=\"attachment-medium size-medium wp-image-17877\" alt=\"\" srcset=\"https:\/\/greensun.com.vn\/wp-content\/uploads\/2021\/04\/YEP02-300x225.jpg 300w, https:\/\/greensun.com.vn\/wp-content\/uploads\/2021\/04\/YEP02-1024x768.jpg 1024w, https:\/\/greensun.com.vn\/wp-content\/uploads\/2021\/04\/YEP02-768x576.jpg 768w, https:\/\/greensun.com.vn\/wp-content\/uploads\/2021\/04\/YEP02-1536x1152.jpg 1536w, https:\/\/greensun.com.vn\/wp-content\/uploads\/2021\/04\/YEP02-2048x1536.jpg 2048w, https:\/\/greensun.com.vn\/wp-content\/uploads\/2021\/04\/YEP02-1200x900.jpg 1200w\" sizes=\"(max-width: 300px) 85vw, 300px\" \/><\/div><\/a>\n\t\t\t\t<div class=\"elementor-post__text\">\n\t\t\t\t<h3 class=\"elementor-post__title\">\n\t\t\t<a href=\"https:\/\/greensun.com.vn\/vi\/nhan-vien-la-khach-hang\/end-year-party-2020-welcome-2021\/\" >\n\t\t\t\tEND YEAR PARTY 2020 &#8211; WELCOME 2021\t\t\t<\/a>\n\t\t<\/h3>\n\t\t\t\t<div class=\"elementor-post__excerpt\">\n\t\t\t<p>K\u1ebft th\u00fac 1 n\u0103m l\u00e0m vi\u1ec7c nh\u01b0 nh\u1eefng ch\u00fa ong ch\u0103m ch\u1ec9, ti\u1ec7c t\u1ea5t ni\u00ean kh\u00f4ng nh\u1eefng l\u00e0 n\u01a1i m\u1ecdi ng\u01b0\u1eddi nh\u00ecn l\u1ea1i v\u00e0 t\u1ed5ng k\u1ebft m\u1ed9t n\u0103m, m\u00e0 c\u00f2n l\u00e0 n\u01a1i m\u1ecdi ng\u01b0\u1eddi reset l\u1ea1i n\u0103ng l\u01b0\u1ee3ng \u0111\u1ec3 s\u1eb5n s\u00e0ng cho m\u1ed9t n\u0103m l\u00e0m vi\u1ec7c m\u1edbi. Green Sun t\u1ed5 ch\u1ee9c End Year Party nh\u1eb1m \u0111\u1ec3 c\u1ea3m \u01a1n nh\u1eefng th\u00e0nh vi\u00ean lu\u00f4n n\u1ed7 l\u1ef1c l\u00e0m vi\u1ec7c v\u00e0 \u0111\u1ed3ng h\u00e0nh c\u00f9ng<\/p>\n\t\t<\/div>\n\t\t\n\t\t<a class=\"elementor-post__read-more\" href=\"https:\/\/greensun.com.vn\/vi\/nhan-vien-la-khach-hang\/end-year-party-2020-welcome-2021\/\" aria-label=\"Read more about END YEAR PARTY 2020 &#8211; WELCOME 2021\" tabindex=\"-1\" >\n\t\t\tXem th\u00eam \u00bb\t\t<\/a>\n\n\t\t\t\t<\/div>\n\t\t\t\t<div class=\"elementor-post__meta-data\">\n\t\t\t\t\t<span class=\"elementor-post-date\">\n\t\t\t2021-01-08\t\t<\/span>\n\t\t\t\t<\/div>\n\t\t\t\t\t<\/div>\n\t\t<\/article>\n\t\t\t\t<article class=\"elementor-post elementor-grid-item post-17601 post type-post status-publish format-standard has-post-thumbnail hentry category-nhan-vien-la-khach-hang tag-gs tag-gallery\">\n\t\t\t<div class=\"elementor-post__card\">\n\t\t\t\t<a class=\"elementor-post__thumbnail__link\" href=\"https:\/\/greensun.com.vn\/vi\/nhan-vien-la-khach-hang\/friday-fun-thang-11-2020\/\" tabindex=\"-1\" ><div class=\"elementor-post__thumbnail\"><img loading=\"lazy\" decoding=\"async\" width=\"1\" height=\"1\" src=\"https:\/\/greensun.com.vn\/wp-content\/uploads\/2021\/04\/DSC_0318.jpg\" class=\"attachment-medium size-medium wp-image-17614\" alt=\"\" \/><\/div><\/a>\n\t\t\t\t<div class=\"elementor-post__text\">\n\t\t\t\t<h3 class=\"elementor-post__title\">\n\t\t\t<a href=\"https:\/\/greensun.com.vn\/vi\/nhan-vien-la-khach-hang\/friday-fun-thang-11-2020\/\" >\n\t\t\t\tFRIDAY FUN TH\u00c1NG 11 -2020\t\t\t<\/a>\n\t\t<\/h3>\n\t\t\t\t<div class=\"elementor-post__excerpt\">\n\t\t\t<p>Friday Fun t\u1ea1i Green Sun \u0111\u01b0\u1ee3c xem nh\u01b0 m\u1ed9t bu\u1ed5i h\u1ecdp m\u1eb7t vui v\u1ebb \u0111\u1ec3 m\u1ecdi ng\u01b0\u1eddi chia s\u1ebb nh\u1eefng ki\u1ebfn th\u1ee9c th\u01b0\u1eddng th\u1ee9c ho\u1eb7c c\u00f9ng nhau ch\u01a1i nh\u1eefng tr\u00f2 ch\u01a1i gi\u00fap th\u01b0 gi\u00e3n \u0111\u1ea7u \u00f3c sau nh\u1eefng gi\u1edd l\u00e0m vi\u1ec7c c\u0103ng th\u1eb3ng. V\u00e0o th\u1ee9 6 cu\u1ed1i c\u00f9ng c\u1ee7a th\u00e1ng th\u00ec Friday Fun \u0111\u01b0\u1ee3c t\u1ed5 ch\u1ee9c. Kh\u00e1c v\u1edbi cu\u1ed9c h\u1ecdp giao ban th\u00ec Friday Fun l\u00e0 n\u01a1i m\u1ecdi ng\u01b0\u1eddi h\u1ed9i<\/p>\n\t\t<\/div>\n\t\t\n\t\t<a class=\"elementor-post__read-more\" href=\"https:\/\/greensun.com.vn\/vi\/nhan-vien-la-khach-hang\/friday-fun-thang-11-2020\/\" aria-label=\"Read more about FRIDAY FUN TH\u00c1NG 11 -2020\" tabindex=\"-1\" >\n\t\t\tXem th\u00eam \u00bb\t\t<\/a>\n\n\t\t\t\t<\/div>\n\t\t\t\t<div class=\"elementor-post__meta-data\">\n\t\t\t\t\t<span class=\"elementor-post-date\">\n\t\t\t2020-11-20\t\t<\/span>\n\t\t\t\t<\/div>\n\t\t\t\t\t<\/div>\n\t\t<\/article>\n\t\t\t\t<article class=\"elementor-post elementor-grid-item post-17574 post type-post status-publish format-standard has-post-thumbnail hentry category-nhan-vien-la-khach-hang tag-gs tag-gallery\">\n\t\t\t<div class=\"elementor-post__card\">\n\t\t\t\t<a class=\"elementor-post__thumbnail__link\" href=\"https:\/\/greensun.com.vn\/vi\/nhan-vien-la-khach-hang\/ngay-phu-nu-viet-nam-20-10\/\" tabindex=\"-1\" ><div class=\"elementor-post__thumbnail\"><img loading=\"lazy\" decoding=\"async\" width=\"195\" height=\"260\" src=\"https:\/\/greensun.com.vn\/wp-content\/uploads\/2021\/04\/66BCBB27-EA1D-4AA6-BE5E-D9CEBE63B1F6-195x260.jpg\" class=\"attachment-medium size-medium wp-image-17578\" alt=\"\" srcset=\"https:\/\/greensun.com.vn\/wp-content\/uploads\/2021\/04\/66BCBB27-EA1D-4AA6-BE5E-D9CEBE63B1F6-195x260.jpg 195w, https:\/\/greensun.com.vn\/wp-content\/uploads\/2021\/04\/66BCBB27-EA1D-4AA6-BE5E-D9CEBE63B1F6-768x1024.jpg 768w, https:\/\/greensun.com.vn\/wp-content\/uploads\/2021\/04\/66BCBB27-EA1D-4AA6-BE5E-D9CEBE63B1F6-1152x1536.jpg 1152w, https:\/\/greensun.com.vn\/wp-content\/uploads\/2021\/04\/66BCBB27-EA1D-4AA6-BE5E-D9CEBE63B1F6-1200x1600.jpg 1200w, https:\/\/greensun.com.vn\/wp-content\/uploads\/2021\/04\/66BCBB27-EA1D-4AA6-BE5E-D9CEBE63B1F6.jpg 1536w\" sizes=\"(max-width: 195px) 85vw, 195px\" \/><\/div><\/a>\n\t\t\t\t<div class=\"elementor-post__text\">\n\t\t\t\t<h3 class=\"elementor-post__title\">\n\t\t\t<a href=\"https:\/\/greensun.com.vn\/vi\/nhan-vien-la-khach-hang\/ngay-phu-nu-viet-nam-20-10\/\" >\n\t\t\t\tNG\u00c0Y PH\u1ee4 N\u1eee VI\u1ec6T NAM 20-10\t\t\t<\/a>\n\t\t<\/h3>\n\t\t\t\t<div class=\"elementor-post__excerpt\">\n\t\t\t<p>Ph\u1ee5 n\u1eef l\u00e0 nh\u1eefng b\u00f4ng hoa \u0111\u00e1ng tr\u00e2n tr\u1ecdng nh\u1ea5t, v\u00ec th\u1ebf 20-10 l\u00e0 ng\u00e0y \u0111\u1eb7c bi\u1ec7t \u0111\u1ec3 c\u00e1nh \u0111\u00e0n \u00f4ng c\u00f3 th\u1ec3 t\u1eb7ng nh\u1eefng m\u00f3n qu\u00e0 cho h\u1ecd. V\u1edbi truy\u1ec1n th\u1ed1ng h\u1ecdc v\u00e0 chia s\u1ebb, nh\u00e2n ng\u00e0y \u0111\u1eb7c bi\u1ec7t n\u00e0y, ph\u00e1i nam c\u1ee7a Green Sun \u0111\u00e3 \u0111\u1eb7c bi\u1ec7t t\u1ed5 ch\u1ee9c m\u1ed9t bu\u1ed5i ti\u1ec7c \u0111\u1ec3 ch\u00fac m\u1eebng nh\u1eefng b\u1ea1n n\u1eef trong c\u00f4ng ty. Do t\u00ecnh h\u00ecnh d\u1ecbch Covid n\u00ean bu\u1ed5i<\/p>\n\t\t<\/div>\n\t\t\n\t\t<a class=\"elementor-post__read-more\" href=\"https:\/\/greensun.com.vn\/vi\/nhan-vien-la-khach-hang\/ngay-phu-nu-viet-nam-20-10\/\" aria-label=\"Read more about NG\u00c0Y PH\u1ee4 N\u1eee VI\u1ec6T NAM 20-10\" tabindex=\"-1\" >\n\t\t\tXem th\u00eam \u00bb\t\t<\/a>\n\n\t\t\t\t<\/div>\n\t\t\t\t<div class=\"elementor-post__meta-data\">\n\t\t\t\t\t<span class=\"elementor-post-date\">\n\t\t\t2020-10-20\t\t<\/span>\n\t\t\t\t<\/div>\n\t\t\t\t\t<\/div>\n\t\t<\/article>\n\t\t\t\t<article class=\"elementor-post elementor-grid-item post-17544 post type-post status-publish format-standard has-post-thumbnail hentry category-nhan-vien-la-khach-hang tag-gallery tag-gs\">\n\t\t\t<div class=\"elementor-post__card\">\n\t\t\t\t<a class=\"elementor-post__thumbnail__link\" href=\"https:\/\/greensun.com.vn\/vi\/nhan-vien-la-khach-hang\/hop-giao-ban-thang-9-2020\/\" tabindex=\"-1\" ><div class=\"elementor-post__thumbnail\"><img loading=\"lazy\" decoding=\"async\" width=\"300\" height=\"169\" src=\"https:\/\/greensun.com.vn\/wp-content\/uploads\/2021\/04\/DSC_0207-300x169.jpg\" class=\"attachment-medium size-medium wp-image-17548\" alt=\"\" srcset=\"https:\/\/greensun.com.vn\/wp-content\/uploads\/2021\/04\/DSC_0207-300x169.jpg 300w, https:\/\/greensun.com.vn\/wp-content\/uploads\/2021\/04\/DSC_0207-1024x576.jpg 1024w, https:\/\/greensun.com.vn\/wp-content\/uploads\/2021\/04\/DSC_0207-768x432.jpg 768w, https:\/\/greensun.com.vn\/wp-content\/uploads\/2021\/04\/DSC_0207-1536x864.jpg 1536w, https:\/\/greensun.com.vn\/wp-content\/uploads\/2021\/04\/DSC_0207-2048x1152.jpg 2048w, https:\/\/greensun.com.vn\/wp-content\/uploads\/2021\/04\/DSC_0207-1200x675.jpg 1200w\" sizes=\"(max-width: 300px) 85vw, 300px\" \/><\/div><\/a>\n\t\t\t\t<div class=\"elementor-post__text\">\n\t\t\t\t<h3 class=\"elementor-post__title\">\n\t\t\t<a href=\"https:\/\/greensun.com.vn\/vi\/nhan-vien-la-khach-hang\/hop-giao-ban-thang-9-2020\/\" >\n\t\t\t\tH\u1eccP GIAO BAN TH\u00c1NG 9 -2020\t\t\t<\/a>\n\t\t<\/h3>\n\t\t\t\t<div class=\"elementor-post__excerpt\">\n\t\t\t<p>\u0110\u1ec3 t\u1ed5ng k\u1ebft nh\u1eefng th\u00e0nh t\u00edch v\u00e0 review m\u1ee5c ti\u00eau cho nh\u1eefng th\u00e1ng sau th\u00ec h\u1eb1ng th\u00e1ng Green Sun t\u1ed5 ch\u1ee9c cu\u1ed9c h\u1ecdp giao ban v\u1edbi s\u1ef1 tham d\u1ef1 c\u1ee7a c\u00e1c th\u00e0nh vi\u00ean Green Sun. B\u00ean c\u1ea1nh nh\u1eefng b\u00e1o c\u00e1o v\u00e0 ph\u1ed5 bi\u1ebfn k\u1ebf ho\u1ea1ch v\u1ec1 c\u00f4ng vi\u1ec7c, Green Sun c\u0169ng trao gi\u1ea3i cho nh\u1eefng c\u00e1c nh\u00e2n c\u00f3 nh\u1eefng th\u00e0nh t\u00edch xu\u1ea5t s\u1eafc, \u0111\u00f3 \u0111\u01b0\u1ee3c xem nh\u01b0 m\u1ed9t m\u00f3n qu\u00e0<\/p>\n\t\t<\/div>\n\t\t\n\t\t<a class=\"elementor-post__read-more\" href=\"https:\/\/greensun.com.vn\/vi\/nhan-vien-la-khach-hang\/hop-giao-ban-thang-9-2020\/\" aria-label=\"Read more about H\u1eccP GIAO BAN TH\u00c1NG 9 -2020\" tabindex=\"-1\" >\n\t\t\tXem th\u00eam \u00bb\t\t<\/a>\n\n\t\t\t\t<\/div>\n\t\t\t\t<div class=\"elementor-post__meta-data\">\n\t\t\t\t\t<span class=\"elementor-post-date\">\n\t\t\t2020-09-11\t\t<\/span>\n\t\t\t\t<\/div>\n\t\t\t\t\t<\/div>\n\t\t<\/article>\n\t\t\t\t<\/div>\n\t\t\n\t\t\t\t<div class=\"e-load-more-anchor\" data-page=\"1\" data-max-page=\"4\" data-next-page=\"https:\/\/greensun.com.vn\/vi\/wp-json\/wp\/v2\/pages\/14283\/page\/2\/\"><\/div>\n\t\t\t\t<nav class=\"elementor-pagination\" aria-label=\"Pagination\">\n\t\t\t<span class=\"page-numbers prev\">&laquo; Previous<\/span>\n<span aria-current=\"page\" class=\"page-numbers current\"><span class=\"elementor-screen-only\">Page<\/span>1<\/span>\n<a class=\"page-numbers\" href=\"https:\/\/greensun.com.vn\/vi\/wp-json\/wp\/v2\/pages\/14283\/page\/2\/\"><span class=\"elementor-screen-only\">Page<\/span>2<\/a>\n<a class=\"page-numbers\" href=\"https:\/\/greensun.com.vn\/vi\/wp-json\/wp\/v2\/pages\/14283\/page\/3\/\"><span class=\"elementor-screen-only\">Page<\/span>3<\/a>\n<a class=\"page-numbers\" href=\"https:\/\/greensun.com.vn\/vi\/wp-json\/wp\/v2\/pages\/14283\/page\/4\/\"><span class=\"elementor-screen-only\">Page<\/span>4<\/a>\n<a class=\"page-numbers next\" href=\"https:\/\/greensun.com.vn\/vi\/wp-json\/wp\/v2\/pages\/14283\/page\/2\/\">Next &raquo;<\/a>\t\t<\/nav>\n\t\t\t\t<\/div>\n\t\t\t\t<\/div>\n\t\t\t\t\t<\/div>\n\t\t<\/div>\n\t\t\t\t\t<\/div>\n\t\t<\/section>\n\t\t\t\t<section class=\"elementor-section elementor-top-section elementor-element elementor-element-dcb802a elementor-section-boxed elementor-section-height-default elementor-section-height-default\" data-id=\"dcb802a\" data-element_type=\"section\">\n\t\t\t\t\t\t<div class=\"elementor-container elementor-column-gap-default\">\n\t\t\t\t\t<div class=\"elementor-column elementor-col-100 elementor-top-column elementor-element elementor-element-deb74a9\" data-id=\"deb74a9\" data-element_type=\"column\">\n\t\t\t<div class=\"elementor-widget-wrap elementor-element-populated\">\n\t\t\t\t\t\t<div class=\"elementor-element elementor-element-4c82ce9 elementor-widget elementor-widget-spacer\" data-id=\"4c82ce9\" data-element_type=\"widget\" data-widget_type=\"spacer.default\">\n\t\t\t\t<div class=\"elementor-widget-container\">\n\t\t\t\t\t<div class=\"elementor-spacer\">\n\t\t\t<div class=\"elementor-spacer-inner\"><\/div>\n\t\t<\/div>\n\t\t\t\t<\/div>\n\t\t\t\t<\/div>\n\t\t\t\t\t<\/div>\n\t\t<\/div>\n\t\t\t\t\t<\/div>\n\t\t<\/section>\n\t\t\t\t<\/div>\n\t\t","protected":false},"excerpt":{"rendered":"","protected":false},"author":2,"featured_media":0,"parent":0,"menu_order":0,"comment_status":"closed","ping_status":"closed","template":"","meta":{"_sitemap_exclude":false,"_sitemap_priority":"","_sitemap_frequency":"","footnotes":""},"class_list":["post-14283","page","type-page","status-publish","hentry"],"aioseo_notices":[],"_links":{"self":[{"href":"https:\/\/greensun.com.vn\/vi\/wp-json\/wp\/v2\/pages\/14283"}],"collection":[{"href":"https:\/\/greensun.com.vn\/vi\/wp-json\/wp\/v2\/pages"}],"about":[{"href":"https:\/\/greensun.com.vn\/vi\/wp-json\/wp\/v2\/types\/page"}],"author":[{"embeddable":true,"href":"https:\/\/greensun.com.vn\/vi\/wp-json\/wp\/v2\/users\/2"}],"replies":[{"embeddable":true,"href":"https:\/\/greensun.com.vn\/vi\/wp-json\/wp\/v2\/comments?post=14283"}],"version-history":[{"count":0,"href":"https:\/\/greensun.com.vn\/vi\/wp-json\/wp\/v2\/pages\/14283\/revisions"}],"wp:attachment":[{"href":"https:\/\/greensun.com.vn\/vi\/wp-json\/wp\/v2\/media?parent=14283"}],"curies":[{"name":"wp","href":"https:\/\/api.w.org\/{rel}","templated":true}]}}