{"id":26146,"date":"2022-05-30T13:26:25","date_gmt":"2022-05-30T04:26:25","guid":{"rendered":"https:\/\/greensun.com.vn\/?page_id=26146"},"modified":"2022-05-30T13:53:11","modified_gmt":"2022-05-30T04:53:11","slug":"registration-form-for-the-2nd-interview","status":"publish","type":"page","link":"https:\/\/greensun.com.vn\/vi\/registration-form-for-the-2nd-interview\/","title":{"rendered":"Registration form for the 2nd interview"},"content":{"rendered":"\t\t<div data-elementor-type=\"wp-page\" data-elementor-id=\"26146\" class=\"elementor elementor-26146\" data-elementor-post-type=\"page\">\n\t\t\t\t\t\t<section class=\"elementor-section elementor-top-section elementor-element elementor-element-5f08848 elementor-section-boxed elementor-section-height-default elementor-section-height-default\" data-id=\"5f08848\" data-element_type=\"section\">\n\t\t\t\t\t\t<div class=\"elementor-container elementor-column-gap-default\">\n\t\t\t\t\t<div class=\"elementor-column elementor-col-100 elementor-top-column elementor-element elementor-element-f77ed2a\" data-id=\"f77ed2a\" data-element_type=\"column\">\n\t\t\t<div class=\"elementor-widget-wrap elementor-element-populated\">\n\t\t\t\t\t\t<div class=\"elementor-element elementor-element-40851e8 elementor-widget elementor-widget-heading\" data-id=\"40851e8\" data-element_type=\"widget\" data-widget_type=\"heading.default\">\n\t\t\t\t<div class=\"elementor-widget-container\">\n\t\t\t<h2 class=\"elementor-heading-title elementor-size-default\">PHI\u1ebeU \u0110\u0102NG K\u00dd PH\u1eceNG V\u1ea4N L\u1ea6N 2<\/h2>\t\t<\/div>\n\t\t\t\t<\/div>\n\t\t\t\t\t<\/div>\n\t\t<\/div>\n\t\t\t\t\t<\/div>\n\t\t<\/section>\n\t\t\t\t<\/div>\n\t\t","protected":false},"excerpt":{"rendered":"<p>PHI\u1ebeU \u0110\u0102NG K\u00dd PH\u1eceNG V\u1ea4N L\u1ea6N 2 Th\u00f4ng tin \u1ee8ng vi\u00ean H\u1ecd v\u00e0 t\u00ean* Gi\u1edbi t\u00ednh*NamN\u1eef Mail* \u0110i\u1ec7n tho\u1ea1i* N\u1ed9i dung sau bu\u1ed5i ph\u1ecfng v\u1ea5n \u0110i\u1ec1u g\u00ec trong bu\u1ed5i Gi\u1edbi thi\u1ec7u c\u00f4ng ty \u0111\u00e3 l\u00e0m b\u1ea1n quan t\u00e2m?* B\u1ea1n th\u00edch c\u00f4ng vi\u1ec7c, v\u1ecb tr\u00ed n\u00e0o? V\u00ec sao?* B\u1ea1n th\u1ea5y m\u00ecnh c\u00f3 \u0111i\u1ec3m g\u00ec ph\u00f9 h\u1ee3p v\u1edbi T\u1ea7m nh\u00ecn, V\u0103n h\u00f3a c\u00f4ng ty?* B\u1ea1n ngh\u0129 m\u00ecnh c\u00f3 th\u1ec3 \u00e1p d\u1ee5ng \u0111i\u1ec1u<a class=\"more-link\" href=\"https:\/\/greensun.com.vn\/vi\/registration-form-for-the-2nd-interview\/\">[&#8230;]<\/a><\/p>\n","protected":false},"author":2,"featured_media":0,"parent":0,"menu_order":0,"comment_status":"closed","ping_status":"closed","template":"templates\/blank page 2-template.php","meta":{"_sitemap_exclude":false,"_sitemap_priority":"","_sitemap_frequency":"","footnotes":""},"class_list":["post-26146","page","type-page","status-publish","hentry"],"aioseo_notices":[],"_links":{"self":[{"href":"https:\/\/greensun.com.vn\/vi\/wp-json\/wp\/v2\/pages\/26146"}],"collection":[{"href":"https:\/\/greensun.com.vn\/vi\/wp-json\/wp\/v2\/pages"}],"about":[{"href":"https:\/\/greensun.com.vn\/vi\/wp-json\/wp\/v2\/types\/page"}],"author":[{"embeddable":true,"href":"https:\/\/greensun.com.vn\/vi\/wp-json\/wp\/v2\/users\/2"}],"replies":[{"embeddable":true,"href":"https:\/\/greensun.com.vn\/vi\/wp-json\/wp\/v2\/comments?post=26146"}],"version-history":[{"count":0,"href":"https:\/\/greensun.com.vn\/vi\/wp-json\/wp\/v2\/pages\/26146\/revisions"}],"wp:attachment":[{"href":"https:\/\/greensun.com.vn\/vi\/wp-json\/wp\/v2\/media?parent=26146"}],"curies":[{"name":"wp","href":"https:\/\/api.w.org\/{rel}","templated":true}]}}