{"id":30186,"date":"2019-07-24T16:31:43","date_gmt":"2019-07-24T07:31:43","guid":{"rendered":"https:\/\/greensun.com.vn\/contact\/contact-translation\/"},"modified":"2019-07-24T16:31:43","modified_gmt":"2019-07-24T07:31:43","slug":"contact-translation","status":"publish","type":"page","link":"https:\/\/greensun.com.vn\/vi\/contact-translation\/","title":{"rendered":"G\u1eedi y\u00eau c\u1ea7u b\u00e1o gi\u00e1 bi\u00ean d\u1ecbch"},"content":{"rendered":"","protected":false},"excerpt":{"rendered":"","protected":false},"author":1,"featured_media":0,"parent":0,"menu_order":0,"comment_status":"closed","ping_status":"closed","template":"templates\/contact-custom-template.php","meta":{"_sitemap_exclude":false,"_sitemap_priority":"","_sitemap_frequency":"","footnotes":""},"class_list":["post-30186","page","type-page","status-publish","hentry"],"aioseo_notices":[],"_links":{"self":[{"href":"https:\/\/greensun.com.vn\/vi\/wp-json\/wp\/v2\/pages\/30186"}],"collection":[{"href":"https:\/\/greensun.com.vn\/vi\/wp-json\/wp\/v2\/pages"}],"about":[{"href":"https:\/\/greensun.com.vn\/vi\/wp-json\/wp\/v2\/types\/page"}],"author":[{"embeddable":true,"href":"https:\/\/greensun.com.vn\/vi\/wp-json\/wp\/v2\/users\/1"}],"replies":[{"embeddable":true,"href":"https:\/\/greensun.com.vn\/vi\/wp-json\/wp\/v2\/comments?post=30186"}],"version-history":[{"count":0,"href":"https:\/\/greensun.com.vn\/vi\/wp-json\/wp\/v2\/pages\/30186\/revisions"}],"wp:attachment":[{"href":"https:\/\/greensun.com.vn\/vi\/wp-json\/wp\/v2\/media?parent=30186"}],"curies":[{"name":"wp","href":"https:\/\/api.w.org\/{rel}","templated":true}]}}