{"id":9197,"date":"2019-07-24T16:31:43","date_gmt":"2019-07-24T16:31:43","guid":{"rendered":"https:\/\/greensun.com.vn\/contact-interpretation\/"},"modified":"2019-11-10T04:51:23","modified_gmt":"2019-11-10T04:51:23","slug":"contact-interpretation","status":"publish","type":"page","link":"https:\/\/greensun.com.vn\/vi\/contact\/contact-interpretation\/","title":{"rendered":"G\u1eedi y\u00eau c\u1ea7u b\u00e1o gi\u00e1 th\u00f4ng d\u1ecbch(d\u1ecbch n\u00f3i)"},"content":{"rendered":"","protected":false},"excerpt":{"rendered":"","protected":false},"author":1,"featured_media":0,"parent":9142,"menu_order":0,"comment_status":"closed","ping_status":"closed","template":"templates\/contact-custom-template.php","meta":{"_sitemap_exclude":false,"_sitemap_priority":"","_sitemap_frequency":"","footnotes":""},"class_list":["post-9197","page","type-page","status-publish","hentry"],"aioseo_notices":[],"_links":{"self":[{"href":"https:\/\/greensun.com.vn\/vi\/wp-json\/wp\/v2\/pages\/9197"}],"collection":[{"href":"https:\/\/greensun.com.vn\/vi\/wp-json\/wp\/v2\/pages"}],"about":[{"href":"https:\/\/greensun.com.vn\/vi\/wp-json\/wp\/v2\/types\/page"}],"author":[{"embeddable":true,"href":"https:\/\/greensun.com.vn\/vi\/wp-json\/wp\/v2\/users\/1"}],"replies":[{"embeddable":true,"href":"https:\/\/greensun.com.vn\/vi\/wp-json\/wp\/v2\/comments?post=9197"}],"version-history":[{"count":0,"href":"https:\/\/greensun.com.vn\/vi\/wp-json\/wp\/v2\/pages\/9197\/revisions"}],"up":[{"embeddable":true,"href":"https:\/\/greensun.com.vn\/vi\/wp-json\/wp\/v2\/pages\/9142"}],"wp:attachment":[{"href":"https:\/\/greensun.com.vn\/vi\/wp-json\/wp\/v2\/media?parent=9197"}],"curies":[{"name":"wp","href":"https:\/\/api.w.org\/{rel}","templated":true}]}}